{"id":519,"date":"2018-12-07T17:10:31","date_gmt":"2018-12-07T17:10:31","guid":{"rendered":"https:\/\/www.hcasares.com\/sobre-nosotros\/"},"modified":"2018-12-09T16:55:22","modified_gmt":"2018-12-09T16:55:22","slug":"a-propos","status":"publish","type":"page","link":"https:\/\/www.hcasares.com\/fr\/a-propos\/","title":{"rendered":"\u00c0 propos"},"content":{"rendered":"<section class=\"l-section wpb_row height_auto width_full\"><div class=\"l-section-h i-cf\"><div class=\"g-cols vc_row type_default valign_top\"><div class=\"vc_col-sm-12 wpb_column vc_column_container\"><div class=\"vc_column-inner\"><div class=\"wpb_wrapper\">\n<div id=\"rev_slider_4_1_wrapper\" class=\"rev_slider_wrapper fullwidthbanner-container\" data-source=\"gallery\" style=\"margin:0px auto;background:#3e424a;padding:0px;margin-top:0px;margin-bottom:0px;\">\n<!-- START REVOLUTION SLIDER 5.4.8.1 fullwidth mode -->\n\t<div id=\"rev_slider_4_1\" class=\"rev_slider fullwidthabanner\" style=\"display:none;\" data-version=\"5.4.8.1\">\n<ul>\t<!-- SLIDE  -->\n\t<li data-index=\"rs-4\" data-transition=\"slidingoverlaydown\" data-slotamount=\"default\" data-hideafterloop=\"0\" data-hideslideonmobile=\"off\"  data-easein=\"default\" data-easeout=\"default\" data-masterspeed=\"1000\"  data-rotate=\"0\"  data-saveperformance=\"off\"  data-title=\"Slide\" data-param1=\"\" data-param2=\"\" data-param3=\"\" data-param4=\"\" data-param5=\"\" data-param6=\"\" data-param7=\"\" data-param8=\"\" data-param9=\"\" data-param10=\"\" data-description=\"\">\n\t\t<!-- MAIN IMAGE -->\n\t\t<img src=\"https:\/\/www.hcasares.com\/wp-content\/uploads\/2018\/12\/slider-sobre-nosotros.jpg\"  alt=\"\" title=\"slider-sobre-nosotros\"  width=\"1920\" height=\"686\" data-bgposition=\"center center\" data-bgfit=\"cover\" data-bgrepeat=\"no-repeat\" class=\"rev-slidebg\" data-no-retina>\n\t\t<!-- LAYERS -->\n\t<\/li>\n<\/ul>\n<div class=\"tp-bannertimer tp-bottom\" style=\"visibility: hidden !important;\"><\/div>\t<\/div>\n<script>var htmlDiv = document.getElementById(\"rs-plugin-settings-inline-css\"); var htmlDivCss=\"\";\r\n\t\t\t\tif(htmlDiv) {\r\n\t\t\t\t\thtmlDiv.innerHTML = htmlDiv.innerHTML + htmlDivCss;\r\n\t\t\t\t}else{\r\n\t\t\t\t\tvar htmlDiv = document.createElement(\"div\");\r\n\t\t\t\t\thtmlDiv.innerHTML = \"<style>\" + htmlDivCss + \"<\/style>\";\r\n\t\t\t\t\tdocument.getElementsByTagName(\"head\")[0].appendChild(htmlDiv.childNodes[0]);\r\n\t\t\t\t}\r\n\t\t\t<\/script>\n\t\t<script type=\"text\/javascript\">\r\nif (setREVStartSize!==undefined) setREVStartSize(\r\n\t{c: '#rev_slider_4_1', responsiveLevels: [1240,1240,778,480], gridwidth: [1240,1240,778,480], gridheight: [200,200,200,170], sliderLayout: 'fullwidth'});\r\n\t\t\t\r\nvar revapi4,\r\n\ttpj;\t\r\n(function() {\t\t\t\r\n\tif (!\/loaded|interactive|complete\/.test(document.readyState)) document.addEventListener(\"DOMContentLoaded\",onLoad); else onLoad();\t\r\n\tfunction onLoad() {\t\t\t\t\r\n\t\tif (tpj===undefined) { tpj = jQuery; if(\"off\" == \"on\") tpj.noConflict();}\r\n\tif(tpj(\"#rev_slider_4_1\").revolution == undefined){\n\t\trevslider_showDoubleJqueryError(\"#rev_slider_4_1\");\n\t}else{\n\t\trevapi4 = tpj(\"#rev_slider_4_1\").show().revolution({\n\t\t\tsliderType:\"hero\",\n\t\t\tjsFileLocation:\"\/\/www.hcasares.com\/wp-content\/plugins\/revslider\/public\/assets\/js\/\",\n\t\t\tsliderLayout:\"fullwidth\",\n\t\t\tdottedOverlay:\"none\",\n\t\t\tdelay:9000,\n\t\t\tresponsiveLevels:[1240,1240,778,480],\n\t\t\tvisibilityLevels:[1240,1240,778,480],\n\t\t\tgridwidth:[1240,1240,778,480],\n\t\t\tgridheight:[200,200,200,170],\n\t\t\tlazyType:\"none\",\n\t\t\tshadow:0,\n\t\t\tspinner:\"off\",\n\t\t\tautoHeight:\"off\",\n\t\t\tdisableProgressBar:\"on\",\n\t\t\thideThumbsOnMobile:\"off\",\n\t\t\thideSliderAtLimit:0,\n\t\t\thideCaptionAtLimit:0,\n\t\t\thideAllCaptionAtLilmit:0,\n\t\t\tdebugMode:false,\n\t\t\tfallbacks: {\n\t\t\t\tsimplifyAll:\"off\",\n\t\t\t\tdisableFocusListener:false,\n\t\t\t}\n\t\t});\n\t}; \/* END OF revapi call *\/\n\t\n }; \/* END OF ON LOAD FUNCTION *\/\r\n}()); \/* END OF WRAPPING FUNCTION *\/\r\n<\/script>\r\n\t\t<\/div><!-- END REVOLUTION SLIDER --><\/div><\/div><\/div><\/div><\/div><\/section><section class=\"l-section wpb_row height_auto with_img\" style=\"margin-top: 0px !important;margin-right: 0px !important;margin-bottom: 0px !important;margin-left: 0px !important;\"><div class=\"l-section-img\" style=\"background-image: url(https:\/\/www.hcasares.com\/wp-content\/uploads\/2018\/12\/hc-oficina.jpg);background-position: center right;background-repeat: no-repeat;background-size: contain;\" data-img-width=\"1200\" data-img-height=\"969\"><\/div><div class=\"l-section-h i-cf\"><div class=\"g-cols vc_row type_default valign_middle\"><div class=\"vc_col-sm-12 vc_col-lg-8 vc_col-md-12 vc_col-xs-12 wpb_column vc_column_container has-fill\"><div class=\"vc_column-inner  vc_custom_1544223519764\"><div class=\"wpb_wrapper\">\r\n\t<div class=\"wpb_text_column  linea-izda\">\r\n\t\t<div class=\"wpb_wrapper\">\r\n\t\t\t<h2><strong>Une tradition familiale depuis plus de 100 ans<\/strong><\/h2>\n\r\n\t\t<\/div>\r\n\t<\/div>\r\n\r\n\t<div class=\"wpb_text_column \">\r\n\t\t<div class=\"wpb_wrapper\">\r\n\t\t\t<h6><strong>HERMANOS CASARES DE LA FUENTE S.L.<\/strong>\u00a0a \u00e9t\u00e9 fond\u00e9 en 1996. Avec une tradition familiale depuis plus de 100 ans dans le secteur du bois, notre entreprise se concentre principalement sur la m\u00e9canisation et la manipulation des planches, \u00e9tant aujourd\u2019hui pour les installations comme pour la machinerie, une des entreprises de pointe dans la fabrication d\u2019armoire de chantier (bo\u00eetiers, fa\u00e7ades, tiroirs\u2026).<\/h6>\n\r\n\t\t<\/div>\r\n\t<\/div>\r\n\r\n\t<div class=\"wpb_text_column \">\r\n\t\t<div class=\"wpb_wrapper\">\r\n\t\t\t<h6>Avec une \u00e9quipe qualifi\u00e9e et les moyens les plus modernes, notre objectif est de continuer \u00e0 cro\u00eetre pour donner un meilleur service \u00e0 nos clients.<\/h6>\n\r\n\t\t<\/div>\r\n\t<\/div>\r\n<\/div><\/div><\/div><div class=\"vc_col-sm-4 vc_hidden-md vc_hidden-sm vc_hidden-xs wpb_column vc_column_container has-fill\"><div class=\"vc_column-inner  vc_custom_1544223198680\"><div class=\"wpb_wrapper\">[vc_empty_space height=&#8221;400px&#8221;]<\/div><\/div><\/div><\/div><\/div><\/section><section class=\"l-section wpb_row height_small with_overlay\"><div class=\"l-section-overlay\" style=\"background-color: #ededed\"><\/div><div class=\"l-section-h i-cf\"><div class=\"g-cols vc_row type_default valign_middle\"><div class=\"vc_col-sm-6 wpb_column vc_column_container\"><div class=\"vc_column-inner\"><div class=\"wpb_wrapper\"><div class=\"w-slider style_none\"><div class=\"w-slider-h\"><div class=\"royalSlider\"><div class=\"rsContent\"><a class=\"rsImg\" data-rsw=\"600\" data-rsh=\"380\" href=\"https:\/\/www.hcasares.com\/wp-content\/uploads\/2018\/12\/14.jpg\"><span data-alt=\"\"><\/span><\/a><\/div><div class=\"rsContent\"><a class=\"rsImg\" data-rsw=\"600\" data-rsh=\"380\" href=\"https:\/\/www.hcasares.com\/wp-content\/uploads\/2018\/12\/15.jpg\"><span data-alt=\"\"><\/span><\/a><\/div><div class=\"rsContent\"><a class=\"rsImg\" data-rsw=\"972\" data-rsh=\"648\" href=\"https:\/\/www.hcasares.com\/wp-content\/uploads\/2018\/12\/11.jpg\"><span data-alt=\"\"><\/span><\/a><\/div><div class=\"rsContent\"><a class=\"rsImg\" data-rsw=\"972\" data-rsh=\"648\" href=\"https:\/\/www.hcasares.com\/wp-content\/uploads\/2018\/12\/16.jpg\"><span data-alt=\"\"><\/span><\/a><\/div><div class=\"rsContent\"><a class=\"rsImg\" data-rsw=\"972\" data-rsh=\"648\" href=\"https:\/\/www.hcasares.com\/wp-content\/uploads\/2018\/12\/6.jpg\"><span data-alt=\"\"><\/span><\/a><\/div><div class=\"rsContent\"><a class=\"rsImg\" data-rsw=\"972\" data-rsh=\"648\" href=\"https:\/\/www.hcasares.com\/wp-content\/uploads\/2018\/12\/3.jpg\"><span data-alt=\"\"><\/span><\/a><\/div><div class=\"rsContent\"><a class=\"rsImg\" data-rsw=\"972\" data-rsh=\"648\" href=\"https:\/\/www.hcasares.com\/wp-content\/uploads\/2018\/12\/2.jpg\"><span data-alt=\"\"><\/span><\/a><\/div><div class=\"rsContent\"><a class=\"rsImg\" data-rsw=\"972\" data-rsh=\"648\" href=\"https:\/\/www.hcasares.com\/wp-content\/uploads\/2018\/12\/1.jpg\"><span data-alt=\"\"><\/span><\/a><\/div><div class=\"rsContent\"><a class=\"rsImg\" data-rsw=\"972\" data-rsh=\"648\" href=\"https:\/\/www.hcasares.com\/wp-content\/uploads\/2018\/12\/10.jpg\"><span data-alt=\"\"><\/span><\/a><\/div><div class=\"rsContent\"><a class=\"rsImg\" data-rsw=\"972\" data-rsh=\"648\" href=\"https:\/\/www.hcasares.com\/wp-content\/uploads\/2018\/12\/7.jpg\"><span data-alt=\"\"><\/span><\/a><\/div><div class=\"rsContent\"><a class=\"rsImg\" data-rsw=\"972\" data-rsh=\"648\" href=\"https:\/\/www.hcasares.com\/wp-content\/uploads\/2018\/12\/9.jpg\"><span data-alt=\"\"><\/span><\/a><\/div><div class=\"rsContent\"><a class=\"rsImg\" data-rsw=\"972\" data-rsh=\"648\" href=\"https:\/\/www.hcasares.com\/wp-content\/uploads\/2018\/12\/4.jpg\"><span data-alt=\"\"><\/span><\/a><\/div><\/div><img src=\"https:\/\/www.hcasares.com\/wp-content\/uploads\/2018\/12\/14.jpg\" alt=\"\"><\/div><div class=\"w-slider-json\" onclick='return {&quot;transitionSpeed&quot;:300,&quot;loopRewind&quot;:true,&quot;slidesSpacing&quot;:0,&quot;imageScalePadding&quot;:0,&quot;numImagesToPreload&quot;:2,&quot;arrowsNav&quot;:true,&quot;arrowsNavAutoHide&quot;:true,&quot;transitionType&quot;:&quot;move&quot;,&quot;block&quot;:{&quot;moveEffect&quot;:&quot;none&quot;,&quot;speed&quot;:300},&quot;controlNavigation&quot;:&quot;bullets&quot;,&quot;autoplay&quot;:{&quot;enabled&quot;:true,&quot;pauseOnHover&quot;:true,&quot;delay&quot;:4000},&quot;imageScaleMode&quot;:&quot;fit-if-smaller&quot;,&quot;autoScaleSlider&quot;:true,&quot;autoScaleSliderWidth&quot;:600,&quot;autoScaleSliderHeight&quot;:380,&quot;fitInViewport&quot;:false}'><\/div><\/div><\/div><\/div><\/div><div class=\"vc_col-sm-6 wpb_column vc_column_container\"><div class=\"vc_column-inner\"><div class=\"wpb_wrapper\">\r\n\t<div class=\"wpb_text_column \">\r\n\t\t<div class=\"wpb_wrapper\">\r\n\t\t\t<h6>Nous avons des installations modernes et innovantes, avec des technologies de pointe pour le traitement de la planche. Avec nos deux usines et \u00e0 nos entrep\u00f4ts d\u2019une superficie\u00a0<strong>sup\u00e9rieure \u00e0 8.000 m\u00b2<\/strong>, nous pouvons prendre en charge, gr\u00e2ce \u00e0 la production en s\u00e9rie, de grands projets, mais aussi g\u00e9rer des commandes importantes, tout en respectant les d\u00e9lais.<\/h6>\n\r\n\t\t<\/div>\r\n\t<\/div>\r\n\r\n\t<div class=\"wpb_text_column \">\r\n\t\t<div class=\"wpb_wrapper\">\r\n\t\t\t<h6><strong>Usine et Entrep\u00f4ts Centraux:<\/strong>\u00a0coupe et traitements industriels de planches, assemblage et emballage d\u2019\u00e9l\u00e9ments. C\u2019est notre usine principale.<\/h6>\n\r\n\t\t<\/div>\r\n\t<\/div>\r\n\r\n\t<div class=\"wpb_text_column \">\r\n\t\t<div class=\"wpb_wrapper\">\r\n\t\t\t<h6><strong>Usine automatis\u00e9e de Vernissage:<\/strong>\u00a0traitement des superficies des planches.<\/h6>\n\r\n\t\t<\/div>\r\n\t<\/div>\r\n<\/div><\/div><\/div><\/div><\/div><\/section>\n","protected":false},"excerpt":{"rendered":"var htmlDiv = document.getElementById(\"rs-plugin-settings-inline-css\"); var htmlDivCss=\"\"; if(htmlDiv) { htmlDiv.innerHTML = htmlDiv.innerHTML + htmlDivCss; }else{ var htmlDiv = document.createElement(\"div\"); htmlDiv.innerHTML = \"\" + htmlDivCss + \"\"; document.getElementsByTagName(\"head\")[0].appendChild(htmlDiv.childNodes[0]); } if (setREVStartSize!==undefined) setREVStartSize( {c: '#rev_slider_4_2', responsiveLevels: [1240,1240,778,480], gridwidth: [1240,1240,778,480], gridheight: [200,200,200,170], sliderLayout: 'fullwidth'}); var revapi4, tpj; (function() { if (!\/loaded|interactive|complete\/.test(document.readyState)) document.addEventListener(\"DOMContentLoaded\",onLoad); else onLoad(); function onLoad() { if (tpj===undefined)...","protected":false},"author":1,"featured_media":0,"parent":0,"menu_order":0,"comment_status":"closed","ping_status":"closed","template":"","meta":{"footnotes":""},"yoast_head":"<!-- This site is optimized with the Yoast SEO plugin v22.2 - https:\/\/yoast.com\/wordpress\/plugins\/seo\/ -->\n<title>\u00c0 propos - Hermanos Casares<\/title>\n<meta name=\"robots\" content=\"index, follow, max-snippet:-1, max-image-preview:large, max-video-preview:-1\" \/>\n<link rel=\"canonical\" href=\"https:\/\/www.hcasares.com\/fr\/sobre-nosotros\/\" \/>\n<meta property=\"og:locale\" content=\"fr_FR\" \/>\n<meta property=\"og:type\" content=\"article\" \/>\n<meta property=\"og:title\" content=\"\u00c0 propos - Hermanos Casares\" \/>\n<meta property=\"og:url\" content=\"https:\/\/www.hcasares.com\/sobre-nosotros\/\" \/>\n<meta property=\"og:site_name\" content=\"Hermanos Casares\" \/>\n<meta property=\"article:modified_time\" content=\"2018-12-09T16:55:22+00:00\" \/>\n<meta name=\"twitter:card\" content=\"summary_large_image\" \/>\n<meta name=\"twitter:label1\" content=\"Dur\u00e9e de lecture estim\u00e9e\" \/>\n\t<meta name=\"twitter:data1\" content=\"2 minutes\" \/>\n<script type=\"application\/ld+json\" class=\"yoast-schema-graph\">{\"@context\":\"https:\/\/schema.org\",\"@graph\":[{\"@type\":\"WebPage\",\"@id\":\"https:\/\/www.hcasares.com\/sobre-nosotros\/\",\"url\":\"https:\/\/www.hcasares.com\/sobre-nosotros\/\",\"name\":\"\u00c0 propos - Hermanos Casares\",\"isPartOf\":{\"@id\":\"https:\/\/www.hcasares.com\/#website\"},\"datePublished\":\"2018-12-07T17:10:31+00:00\",\"dateModified\":\"2018-12-09T16:55:22+00:00\",\"breadcrumb\":{\"@id\":\"https:\/\/www.hcasares.com\/sobre-nosotros\/#breadcrumb\"},\"inLanguage\":\"fr-FR\",\"potentialAction\":[{\"@type\":\"ReadAction\",\"target\":[\"https:\/\/www.hcasares.com\/sobre-nosotros\/\"]}]},{\"@type\":\"BreadcrumbList\",\"@id\":\"https:\/\/www.hcasares.com\/sobre-nosotros\/#breadcrumb\",\"itemListElement\":[{\"@type\":\"ListItem\",\"position\":1,\"name\":\"Portada\",\"item\":\"https:\/\/www.hcasares.com\/fr\/\"},{\"@type\":\"ListItem\",\"position\":2,\"name\":\"\u00c0 propos\"}]},{\"@type\":\"WebSite\",\"@id\":\"https:\/\/www.hcasares.com\/#website\",\"url\":\"https:\/\/www.hcasares.com\/\",\"name\":\"Hermanos Casares\",\"description\":\"Armarios :: Cocinas :: Contract\",\"publisher\":{\"@id\":\"https:\/\/www.hcasares.com\/#organization\"},\"potentialAction\":[{\"@type\":\"SearchAction\",\"target\":{\"@type\":\"EntryPoint\",\"urlTemplate\":\"https:\/\/www.hcasares.com\/?s={search_term_string}\"},\"query-input\":\"required name=search_term_string\"}],\"inLanguage\":\"fr-FR\"},{\"@type\":\"Organization\",\"@id\":\"https:\/\/www.hcasares.com\/#organization\",\"name\":\"Hermanos Casares de la Fuente, S.L.\",\"url\":\"https:\/\/www.hcasares.com\/\",\"logo\":{\"@type\":\"ImageObject\",\"inLanguage\":\"fr-FR\",\"@id\":\"https:\/\/www.hcasares.com\/#\/schema\/logo\/image\/\",\"url\":\"https:\/\/www.hcasares.com\/wp-content\/uploads\/2018\/12\/logo-hermanos-casares.png\",\"contentUrl\":\"https:\/\/www.hcasares.com\/wp-content\/uploads\/2018\/12\/logo-hermanos-casares.png\",\"width\":237,\"height\":42,\"caption\":\"Hermanos Casares de la Fuente, S.L.\"},\"image\":{\"@id\":\"https:\/\/www.hcasares.com\/#\/schema\/logo\/image\/\"}}]}<\/script>\n<!-- \/ Yoast SEO plugin. -->","yoast_head_json":{"title":"\u00c0 propos - Hermanos Casares","robots":{"index":"index","follow":"follow","max-snippet":"max-snippet:-1","max-image-preview":"max-image-preview:large","max-video-preview":"max-video-preview:-1"},"canonical":"https:\/\/www.hcasares.com\/fr\/sobre-nosotros\/","og_locale":"fr_FR","og_type":"article","og_title":"\u00c0 propos - Hermanos Casares","og_url":"https:\/\/www.hcasares.com\/sobre-nosotros\/","og_site_name":"Hermanos Casares","article_modified_time":"2018-12-09T16:55:22+00:00","twitter_card":"summary_large_image","twitter_misc":{"Dur\u00e9e de lecture estim\u00e9e":"2 minutes"},"schema":{"@context":"https:\/\/schema.org","@graph":[{"@type":"WebPage","@id":"https:\/\/www.hcasares.com\/sobre-nosotros\/","url":"https:\/\/www.hcasares.com\/sobre-nosotros\/","name":"\u00c0 propos - Hermanos Casares","isPartOf":{"@id":"https:\/\/www.hcasares.com\/#website"},"datePublished":"2018-12-07T17:10:31+00:00","dateModified":"2018-12-09T16:55:22+00:00","breadcrumb":{"@id":"https:\/\/www.hcasares.com\/sobre-nosotros\/#breadcrumb"},"inLanguage":"fr-FR","potentialAction":[{"@type":"ReadAction","target":["https:\/\/www.hcasares.com\/sobre-nosotros\/"]}]},{"@type":"BreadcrumbList","@id":"https:\/\/www.hcasares.com\/sobre-nosotros\/#breadcrumb","itemListElement":[{"@type":"ListItem","position":1,"name":"Portada","item":"https:\/\/www.hcasares.com\/fr\/"},{"@type":"ListItem","position":2,"name":"\u00c0 propos"}]},{"@type":"WebSite","@id":"https:\/\/www.hcasares.com\/#website","url":"https:\/\/www.hcasares.com\/","name":"Hermanos Casares","description":"Armarios :: Cocinas :: Contract","publisher":{"@id":"https:\/\/www.hcasares.com\/#organization"},"potentialAction":[{"@type":"SearchAction","target":{"@type":"EntryPoint","urlTemplate":"https:\/\/www.hcasares.com\/?s={search_term_string}"},"query-input":"required name=search_term_string"}],"inLanguage":"fr-FR"},{"@type":"Organization","@id":"https:\/\/www.hcasares.com\/#organization","name":"Hermanos Casares de la Fuente, S.L.","url":"https:\/\/www.hcasares.com\/","logo":{"@type":"ImageObject","inLanguage":"fr-FR","@id":"https:\/\/www.hcasares.com\/#\/schema\/logo\/image\/","url":"https:\/\/www.hcasares.com\/wp-content\/uploads\/2018\/12\/logo-hermanos-casares.png","contentUrl":"https:\/\/www.hcasares.com\/wp-content\/uploads\/2018\/12\/logo-hermanos-casares.png","width":237,"height":42,"caption":"Hermanos Casares de la Fuente, S.L."},"image":{"@id":"https:\/\/www.hcasares.com\/#\/schema\/logo\/image\/"}}]}},"_links":{"self":[{"href":"https:\/\/www.hcasares.com\/fr\/wp-json\/wp\/v2\/pages\/519"}],"collection":[{"href":"https:\/\/www.hcasares.com\/fr\/wp-json\/wp\/v2\/pages"}],"about":[{"href":"https:\/\/www.hcasares.com\/fr\/wp-json\/wp\/v2\/types\/page"}],"author":[{"embeddable":true,"href":"https:\/\/www.hcasares.com\/fr\/wp-json\/wp\/v2\/users\/1"}],"replies":[{"embeddable":true,"href":"https:\/\/www.hcasares.com\/fr\/wp-json\/wp\/v2\/comments?post=519"}],"version-history":[{"count":2,"href":"https:\/\/www.hcasares.com\/fr\/wp-json\/wp\/v2\/pages\/519\/revisions"}],"predecessor-version":[{"id":522,"href":"https:\/\/www.hcasares.com\/fr\/wp-json\/wp\/v2\/pages\/519\/revisions\/522"}],"wp:attachment":[{"href":"https:\/\/www.hcasares.com\/fr\/wp-json\/wp\/v2\/media?parent=519"}],"curies":[{"name":"wp","href":"https:\/\/api.w.org\/{rel}","templated":true}]}}